{"id":294,"date":"2019-07-06T14:07:48","date_gmt":"2019-07-06T12:07:48","guid":{"rendered":"http:\/\/www.3bewegt.de\/physio\/?page_id=294"},"modified":"2024-04-30T12:39:20","modified_gmt":"2024-04-30T10:39:20","slug":"charlotte-geiss","status":"publish","type":"page","link":"https:\/\/www.3bewegt.de\/physio\/ueber-uns\/charlotte-geiss\/","title":{"rendered":"Charlotte Geis"},"content":{"rendered":"<p><div class=\"fusion-fullwidth fullwidth-box fusion-builder-row-1 hundred-percent-fullwidth non-hundred-percent-height-scrolling\" style=\"--awb-border-radius-top-left:0px;--awb-border-radius-top-right:0px;--awb-border-radius-bottom-right:0px;--awb-border-radius-bottom-left:0px;--awb-margin-bottom:30px;--awb-background-color:#d10019;--awb-flex-wrap:wrap;\" ><div class=\"fusion-builder-row fusion-row\"><div class=\"fusion-layout-column fusion_builder_column fusion-builder-column-0 fusion_builder_column_1_1 1_1 fusion-one-full fusion-column-first fusion-column-last\" style=\"--awb-bg-size:cover;--awb-margin-bottom:0px;\"><div class=\"fusion-column-wrapper fusion-column-has-shadow fusion-flex-column-wrapper-legacy\"><div class=\"fusion-title title fusion-title-1 fusion-sep-none fusion-title-center fusion-title-text fusion-title-size-one\" style=\"--awb-margin-bottom:5px;\"><h1 class=\"fusion-title-heading title-heading-center fusion-responsive-typography-calculated\" style=\"margin:0;--fontSize:35;line-height:1.4;\"><h1 style=\"text-align: center;\">Charlotte Geis<\/h1><\/h1><\/div><div class=\"fusion-clearfix\"><\/div><\/div><\/div><\/div><\/div><div class=\"fusion-fullwidth fullwidth-box fusion-builder-row-2 nonhundred-percent-fullwidth non-hundred-percent-height-scrolling\" style=\"--awb-border-radius-top-left:0px;--awb-border-radius-top-right:0px;--awb-border-radius-bottom-right:0px;--awb-border-radius-bottom-left:0px;--awb-padding-right:10%;--awb-padding-left:10%;--awb-margin-top:20px;--awb-flex-wrap:wrap;\" ><div class=\"fusion-builder-row fusion-row\"><div class=\"fusion-layout-column fusion_builder_column fusion-builder-column-1 fusion_builder_column_1_3 1_3 fusion-one-third fusion-column-first\" style=\"--awb-bg-size:cover;width:33.3333333333%;width:calc(33.3333333333% - ( ( 4% ) * 0.333333333333 ) );margin-right: 4%;\"><div class=\"fusion-column-wrapper fusion-column-has-shadow fusion-flex-column-wrapper-legacy\"><div class=\"fusion-image-element in-legacy-container\" style=\"--awb-max-width:250px;--awb-caption-title-font-family:var(--h2_typography-font-family);--awb-caption-title-font-weight:var(--h2_typography-font-weight);--awb-caption-title-font-style:var(--h2_typography-font-style);--awb-caption-title-size:var(--h2_typography-font-size);--awb-caption-title-transform:var(--h2_typography-text-transform);--awb-caption-title-line-height:var(--h2_typography-line-height);--awb-caption-title-letter-spacing:var(--h2_typography-letter-spacing);\"><span class=\" fusion-imageframe imageframe-none imageframe-1 hover-type-none\"><img decoding=\"async\" width=\"643\" height=\"900\" title=\"3bewegt_2024_DSCF0895_web\" src=\"https:\/\/www.3bewegt.de\/physio\/wp-content\/uploads\/2024\/04\/3bewegt_2024_DSCF0895_web.jpg\" alt class=\"img-responsive wp-image-668\" srcset=\"https:\/\/www.3bewegt.de\/physio\/wp-content\/uploads\/2024\/04\/3bewegt_2024_DSCF0895_web-200x280.jpg 200w, https:\/\/www.3bewegt.de\/physio\/wp-content\/uploads\/2024\/04\/3bewegt_2024_DSCF0895_web-400x560.jpg 400w, https:\/\/www.3bewegt.de\/physio\/wp-content\/uploads\/2024\/04\/3bewegt_2024_DSCF0895_web-600x840.jpg 600w, https:\/\/www.3bewegt.de\/physio\/wp-content\/uploads\/2024\/04\/3bewegt_2024_DSCF0895_web.jpg 643w\" sizes=\"(max-width: 800px) 100vw, 400px\" \/><\/span><\/div><div class=\"fusion-clearfix\"><\/div><\/div><\/div><div class=\"fusion-layout-column fusion_builder_column fusion-builder-column-2 fusion_builder_column_2_3 2_3 fusion-two-third fusion-column-last\" style=\"--awb-bg-size:cover;width:66.6666666667%;width:calc(66.6666666667% - ( ( 4% ) * 0.666666666667 ) );\"><div class=\"fusion-column-wrapper fusion-column-has-shadow fusion-flex-column-wrapper-legacy\"><div class=\"fusion-text fusion-text-1\"><h2>Als langj\u00e4hrige freie Mitarbeiterin des 3bewegt-Teams freue ich mich, Sie und Ihre Kinder seit dem 1. September 2020 als Angestellte weiter betreuen zu d\u00fcrfen. Ihre Kinder \u2013 ob klein oder gro\u00df \u2013 liegen mir sehr am Herzen. Seit 1994 habe ich in verschiedenen Einrichtungen (SPZ\/Praxen) einen vielseitigen Erfahrungsschatz im Fachbereich P\u00e4diatrie gesammelt. Es ist mir ein Anliegen, jede Therapie sorgf\u00e4ltig auf die unterschiedlichen Bed\u00fcrfnisse Ihrer Kinder abzustimmen.<\/h2>\n<\/div><div class=\"fusion-clearfix\"><\/div><\/div><\/div><\/div><\/div><div class=\"fusion-fullwidth fullwidth-box fusion-builder-row-3 nonhundred-percent-fullwidth non-hundred-percent-height-scrolling fusion-equal-height-columns\" style=\"--awb-border-radius-top-left:0px;--awb-border-radius-top-right:0px;--awb-border-radius-bottom-right:0px;--awb-border-radius-bottom-left:0px;--awb-padding-right:10%;--awb-padding-left:10%;--awb-margin-top:6%;--awb-flex-wrap:wrap;\" ><div class=\"fusion-builder-row fusion-row\"><div class=\"fusion-layout-column fusion_builder_column fusion-builder-column-3 fusion_builder_column_1_2 1_2 fusion-one-half fusion-column-first\" style=\"--awb-bg-size:cover;width:50%;width:calc(50% - ( ( 4% ) * 0.5 ) );margin-right: 4%;\"><div class=\"fusion-column-wrapper fusion-column-has-shadow fusion-flex-column-wrapper-legacy\"><div class=\"fusion-text fusion-text-2\"><h2>Zusatzqualifikationen<\/h2>\n<ul>\n<li>Vojta KinderBobath Kinder<\/li>\n<li>Psychomotorik<\/li>\n<li>Babymassage<\/li>\n<li>Kinderr\u00fcckenschule<\/li>\n<li>Dreidimensionale Fu\u00dftherapie nach Zukunft Huber<\/li>\n<li>Craniosacraltherapie nach Upledger<\/li>\n<li>Osteopathische Techniken<\/li>\n<li>Yogalehrerin (AYI inspired)<\/li>\n<\/ul>\n<\/div><div class=\"fusion-clearfix\"><\/div><\/div><\/div><\/div><\/div><\/p>\n","protected":false},"excerpt":{"rendered":"","protected":false},"author":1,"featured_media":0,"parent":19,"menu_order":0,"comment_status":"closed","ping_status":"closed","template":"100-width.php","meta":{"footnotes":""},"_links":{"self":[{"href":"https:\/\/www.3bewegt.de\/physio\/wp-json\/wp\/v2\/pages\/294"}],"collection":[{"href":"https:\/\/www.3bewegt.de\/physio\/wp-json\/wp\/v2\/pages"}],"about":[{"href":"https:\/\/www.3bewegt.de\/physio\/wp-json\/wp\/v2\/types\/page"}],"author":[{"embeddable":true,"href":"https:\/\/www.3bewegt.de\/physio\/wp-json\/wp\/v2\/users\/1"}],"replies":[{"embeddable":true,"href":"https:\/\/www.3bewegt.de\/physio\/wp-json\/wp\/v2\/comments?post=294"}],"version-history":[{"count":6,"href":"https:\/\/www.3bewegt.de\/physio\/wp-json\/wp\/v2\/pages\/294\/revisions"}],"predecessor-version":[{"id":683,"href":"https:\/\/www.3bewegt.de\/physio\/wp-json\/wp\/v2\/pages\/294\/revisions\/683"}],"up":[{"embeddable":true,"href":"https:\/\/www.3bewegt.de\/physio\/wp-json\/wp\/v2\/pages\/19"}],"wp:attachment":[{"href":"https:\/\/www.3bewegt.de\/physio\/wp-json\/wp\/v2\/media?parent=294"}],"curies":[{"name":"wp","href":"https:\/\/api.w.org\/{rel}","templated":true}]}}