{"id":236,"date":"2019-07-04T18:15:21","date_gmt":"2019-07-04T16:15:21","guid":{"rendered":"http:\/\/www.3bewegt.de\/physio\/?page_id=236"},"modified":"2025-01-10T16:30:19","modified_gmt":"2025-01-10T15:30:19","slug":"monja-sales-prado","status":"publish","type":"page","link":"https:\/\/www.3bewegt.de\/physio\/ueber-uns\/monja-sales-prado\/","title":{"rendered":"Monja Sales Prado"},"content":{"rendered":"<p><div class=\"fusion-fullwidth fullwidth-box fusion-builder-row-1 hundred-percent-fullwidth non-hundred-percent-height-scrolling\" style=\"--awb-border-radius-top-left:0px;--awb-border-radius-top-right:0px;--awb-border-radius-bottom-right:0px;--awb-border-radius-bottom-left:0px;--awb-margin-bottom:30px;--awb-background-color:#d10019;--awb-flex-wrap:wrap;\" ><div class=\"fusion-builder-row fusion-row\"><div class=\"fusion-layout-column fusion_builder_column fusion-builder-column-0 fusion_builder_column_1_1 1_1 fusion-one-full fusion-column-first fusion-column-last\" style=\"--awb-bg-size:cover;--awb-margin-bottom:0px;\"><div class=\"fusion-column-wrapper fusion-column-has-shadow fusion-flex-column-wrapper-legacy\"><div class=\"fusion-title title fusion-title-1 fusion-sep-none fusion-title-center fusion-title-text fusion-title-size-one\" style=\"--awb-margin-bottom:5px;\"><h1 class=\"fusion-title-heading title-heading-center fusion-responsive-typography-calculated\" style=\"margin:0;--fontSize:35;line-height:1.4;\"><h1 style=\"text-align: center;\">Monja Sales Prado<\/h1><\/h1><\/div><div class=\"fusion-clearfix\"><\/div><\/div><\/div><\/div><\/div><div class=\"fusion-fullwidth fullwidth-box fusion-builder-row-2 nonhundred-percent-fullwidth non-hundred-percent-height-scrolling fusion-equal-height-columns\" style=\"--awb-border-radius-top-left:0px;--awb-border-radius-top-right:0px;--awb-border-radius-bottom-right:0px;--awb-border-radius-bottom-left:0px;--awb-padding-right:10%;--awb-padding-left:10%;--awb-margin-top:20px;--awb-flex-wrap:wrap;\" ><div class=\"fusion-builder-row fusion-row\"><div class=\"fusion-layout-column fusion_builder_column fusion-builder-column-1 fusion_builder_column_1_3 1_3 fusion-one-third fusion-column-first\" style=\"--awb-bg-size:cover;width:33.3333333333%;width:calc(33.3333333333% - ( ( 4% ) * 0.333333333333 ) );margin-right: 4%;\"><div class=\"fusion-column-wrapper fusion-column-has-shadow fusion-flex-column-wrapper-legacy\"><div class=\"fusion-image-element in-legacy-container\" style=\"--awb-max-width:250px;--awb-caption-title-font-family:var(--h2_typography-font-family);--awb-caption-title-font-weight:var(--h2_typography-font-weight);--awb-caption-title-font-style:var(--h2_typography-font-style);--awb-caption-title-size:var(--h2_typography-font-size);--awb-caption-title-transform:var(--h2_typography-text-transform);--awb-caption-title-line-height:var(--h2_typography-line-height);--awb-caption-title-letter-spacing:var(--h2_typography-letter-spacing);\"><span class=\" fusion-imageframe imageframe-none imageframe-1 hover-type-none\"><img decoding=\"async\" width=\"643\" height=\"900\" title=\"3bewegt_2024_DSCF0603_web\" src=\"https:\/\/www.3bewegt.de\/physio\/wp-content\/uploads\/2024\/04\/3bewegt_2024_DSCF0603_web.jpg\" alt class=\"img-responsive wp-image-665\" srcset=\"https:\/\/www.3bewegt.de\/physio\/wp-content\/uploads\/2024\/04\/3bewegt_2024_DSCF0603_web-200x280.jpg 200w, https:\/\/www.3bewegt.de\/physio\/wp-content\/uploads\/2024\/04\/3bewegt_2024_DSCF0603_web-400x560.jpg 400w, https:\/\/www.3bewegt.de\/physio\/wp-content\/uploads\/2024\/04\/3bewegt_2024_DSCF0603_web-600x840.jpg 600w, https:\/\/www.3bewegt.de\/physio\/wp-content\/uploads\/2024\/04\/3bewegt_2024_DSCF0603_web.jpg 643w\" sizes=\"(max-width: 800px) 100vw, 400px\" \/><\/span><\/div><div class=\"fusion-clearfix\"><\/div><\/div><\/div><div class=\"fusion-layout-column fusion_builder_column fusion-builder-column-2 fusion_builder_column_2_3 2_3 fusion-two-third fusion-column-last\" style=\"--awb-bg-size:cover;width:66.6666666667%;width:calc(66.6666666667% - ( ( 4% ) * 0.666666666667 ) );\"><div class=\"fusion-column-wrapper fusion-column-has-shadow fusion-flex-column-wrapper-legacy\"><div class=\"fusion-column-content-centered\"><div class=\"fusion-column-content\"><div class=\"fusion-text fusion-text-1\"><h2>Ich freue mich, mich ihnen vorstellen zu d\u00fcrfen: Mein Name ist Monja Sales Prado, ich bin Physiotherapeutin. Seit 1993 arbeite ich im Fachbereich P\u00e4diatrie. W\u00e4hrend dieser Zeit habe ich im station\u00e4ren Bereich (Fr\u00fchgeborenenstation, allgemeine Kinderklinik) und in Praxen mit Schwerpunkt Neurop\u00e4diatrie in Deutschland und Brasilien gearbeitet.<\/h2>\n<\/div><\/div><\/div><div class=\"fusion-clearfix\"><\/div><\/div><\/div><\/div><\/div><div class=\"fusion-fullwidth fullwidth-box fusion-builder-row-3 nonhundred-percent-fullwidth non-hundred-percent-height-scrolling fusion-equal-height-columns\" style=\"--awb-border-radius-top-left:0px;--awb-border-radius-top-right:0px;--awb-border-radius-bottom-right:0px;--awb-border-radius-bottom-left:0px;--awb-padding-right:10%;--awb-padding-left:10%;--awb-margin-top:6%;--awb-flex-wrap:wrap;\" ><div class=\"fusion-builder-row fusion-row\"><div class=\"fusion-layout-column fusion_builder_column fusion-builder-column-3 fusion_builder_column_1_2 1_2 fusion-one-half fusion-column-first\" style=\"--awb-bg-size:cover;width:50%;width:calc(50% - ( ( 4% ) * 0.5 ) );margin-right: 4%;\"><div class=\"fusion-column-wrapper fusion-column-has-shadow fusion-flex-column-wrapper-legacy\"><div class=\"fusion-text fusion-text-2\"><h2 data-fontsize=\"25\" style=\"--fontSize: 25; line-height: 1.5;\" data-lineheight=\"37.5px\" class=\"fusion-responsive-typography-calculated\">Zusatzqualifikationen<\/h2>\n<ul>\n<li>Bobath-Kinder<\/li>\n<li>Psychomotorik<\/li>\n<li>Sensorische Integration<\/li>\n<li>Babymassage nach den Richtlinien der DGBM<\/li>\n<li>Mukoviszidose<\/li>\n<li>Kinderr\u00fcckenschullehrerin<\/li>\n<li>Palliative Care Fachkraft<\/li>\n<li>Zertifizierte Lehrkraft der DGP<\/li>\n<li>Yogalehrerin f\u00fcr Erwachsene und Kinder<\/li>\n<li>MSc in Rehabilitationswissenschaften<\/li>\n<\/ul>\n<\/div><div class=\"fusion-clearfix\"><\/div><\/div><\/div><div class=\"fusion-layout-column fusion_builder_column fusion-builder-column-4 fusion_builder_column_1_2 1_2 fusion-one-half fusion-column-last\" style=\"--awb-bg-size:cover;width:50%;width:calc(50% - ( ( 4% ) * 0.5 ) );\"><div class=\"fusion-column-wrapper fusion-column-has-shadow fusion-flex-column-wrapper-legacy\"><div class=\"fusion-text fusion-text-3\"><h2>Ansprechpartnerin bin ich bei:<\/h2>\n<ul>\n<li class=\"p1\"><span class=\"s1\">Entwicklungsverz\u00f6gerungen von 0-18 Jahren<\/span><\/li>\n<li class=\"p1\">Asymmetrien im Kindes \u2013 und Jugenalter<\/li>\n<li class=\"p1\">Neurologischen Krankheitsbildern und Syndromen<\/li>\n<li class=\"p1\">Fragen zu Hilfsmittelversorgungen<\/li>\n<li class=\"p1\">Behandlung von Kindern und Jugendlichen im palliativen Kontext<\/li>\n<\/ul>\n<\/div><div class=\"fusion-sep-clear\"><\/div><div class=\"fusion-separator fusion-full-width-sep\" style=\"margin-left: auto;margin-right: auto;margin-top:15px;width:100%;\"><\/div><div class=\"fusion-sep-clear\"><\/div><div class=\"fusion-text fusion-text-4\"><p><span class=\"s1\">Ich bin Mitglied im Verband der Physiotherapeuten, der <a href=\"https:\/\/www.bobath-vereinigung.de\/\"><span class=\"s2\">Bobath-Vereinigung<\/span><\/a>, der Deutschen Gesellschaft f\u00fcr Palliativmedizin (DGP).<\/span><\/p>\n<\/div><div class=\"fusion-clearfix\"><\/div><\/div><\/div><\/div><\/div><\/p>\n","protected":false},"excerpt":{"rendered":"","protected":false},"author":1,"featured_media":0,"parent":19,"menu_order":0,"comment_status":"closed","ping_status":"closed","template":"100-width.php","meta":{"footnotes":""},"_links":{"self":[{"href":"https:\/\/www.3bewegt.de\/physio\/wp-json\/wp\/v2\/pages\/236"}],"collection":[{"href":"https:\/\/www.3bewegt.de\/physio\/wp-json\/wp\/v2\/pages"}],"about":[{"href":"https:\/\/www.3bewegt.de\/physio\/wp-json\/wp\/v2\/types\/page"}],"author":[{"embeddable":true,"href":"https:\/\/www.3bewegt.de\/physio\/wp-json\/wp\/v2\/users\/1"}],"replies":[{"embeddable":true,"href":"https:\/\/www.3bewegt.de\/physio\/wp-json\/wp\/v2\/comments?post=236"}],"version-history":[{"count":11,"href":"https:\/\/www.3bewegt.de\/physio\/wp-json\/wp\/v2\/pages\/236\/revisions"}],"predecessor-version":[{"id":705,"href":"https:\/\/www.3bewegt.de\/physio\/wp-json\/wp\/v2\/pages\/236\/revisions\/705"}],"up":[{"embeddable":true,"href":"https:\/\/www.3bewegt.de\/physio\/wp-json\/wp\/v2\/pages\/19"}],"wp:attachment":[{"href":"https:\/\/www.3bewegt.de\/physio\/wp-json\/wp\/v2\/media?parent=236"}],"curies":[{"name":"wp","href":"https:\/\/api.w.org\/{rel}","templated":true}]}}