{"id":200,"date":"2019-06-24T11:19:00","date_gmt":"2019-06-24T09:19:00","guid":{"rendered":"http:\/\/www.3bewegt.de\/physio\/?page_id=200"},"modified":"2023-10-19T14:41:20","modified_gmt":"2023-10-19T12:41:20","slug":"rueckbildung","status":"publish","type":"page","link":"https:\/\/www.3bewegt.de\/physio\/elternundbaby\/rueckbildung\/","title":{"rendered":"R\u00fcckbildung"},"content":{"rendered":"<p><div class=\"fusion-fullwidth fullwidth-box fusion-builder-row-1 hundred-percent-fullwidth non-hundred-percent-height-scrolling\" style=\"--awb-border-radius-top-left:0px;--awb-border-radius-top-right:0px;--awb-border-radius-bottom-right:0px;--awb-border-radius-bottom-left:0px;--awb-margin-bottom:30px;--awb-background-color:#d10019;--awb-flex-wrap:wrap;\" ><div class=\"fusion-builder-row fusion-row\"><div class=\"fusion-layout-column fusion_builder_column fusion-builder-column-0 fusion_builder_column_1_1 1_1 fusion-one-full fusion-column-first fusion-column-last\" style=\"--awb-bg-size:cover;--awb-margin-bottom:0px;\"><div class=\"fusion-column-wrapper fusion-column-has-shadow fusion-flex-column-wrapper-legacy\"><div class=\"fusion-title title fusion-title-1 fusion-sep-none fusion-title-center fusion-title-text fusion-title-size-one\" style=\"--awb-margin-bottom:5px;\"><h1 class=\"fusion-title-heading title-heading-center fusion-responsive-typography-calculated\" style=\"margin:0;--fontSize:35;line-height:1.4;\"><h1 style=\"text-align: center;\">R\u00fcckbildung<\/h1><\/h1><\/div><div class=\"fusion-clearfix\"><\/div><\/div><\/div><\/div><\/div><div class=\"fusion-fullwidth fullwidth-box fusion-builder-row-2 nonhundred-percent-fullwidth non-hundred-percent-height-scrolling\" style=\"--awb-border-radius-top-left:0px;--awb-border-radius-top-right:0px;--awb-border-radius-bottom-right:0px;--awb-border-radius-bottom-left:0px;--awb-flex-wrap:wrap;\" ><div class=\"fusion-builder-row fusion-row\"><div class=\"fusion-layout-column fusion_builder_column fusion-builder-column-1 fusion_builder_column_1_1 1_1 fusion-one-full fusion-column-first fusion-column-last fusion-no-small-visibility fusion-no-medium-visibility\" style=\"--awb-padding-top:50px;--awb-padding-right:120px;--awb-padding-left:120px;--awb-bg-size:cover;\"><div class=\"fusion-column-wrapper fusion-column-has-shadow fusion-flex-column-wrapper-legacy\"><div class=\"fusion-text fusion-text-1\"><p class=\"p2\"><span class=\"s1\">Als Physiotherapeutinnen unterst\u00fctzen wir sie bei <\/span><\/p>\n<p class=\"p2\"><span class=\"s1\">\u2013 der R\u00fcckbildung des Beckenbodens<br \/>\n\u2013 der Schulung von K\u00f6rperwahrnehmung und aufrechter K\u00f6rperhaltung<br \/>\n\u2013 der Kr\u00e4ftigung des St\u00fctzapparates besonders seitliche Bauchmuskulatur und R\u00fcckenmuskulatur<br \/>\n\u2013 Dehn\u00fcbungen \/ Entspannung \/ Mobilisation f\u00fcr die Problemmuskulatur<\/span><\/p>\n<p class=\"p2\"><span class=\"s1\">Dieser Kurs ist kein \u201eKrankenkassen gef\u00f6rderter\u201c Kurs, daf\u00fcr bekommt jede Teilnehmerin von uns eine Teilnahmebest\u00e4tigung inklusive Kursinhalte und auf Wunsch \u00dcbungen f\u00fcr zuhause.<\/span><\/p>\n<\/div><div class=\"fusion-clearfix\"><\/div><\/div><\/div><div class=\"fusion-layout-column fusion_builder_column fusion-builder-column-2 fusion_builder_column_1_1 1_1 fusion-one-full fusion-column-first fusion-column-last fusion-no-large-visibility\" style=\"--awb-padding-top:10px;--awb-bg-size:cover;\"><div class=\"fusion-column-wrapper fusion-column-has-shadow fusion-flex-column-wrapper-legacy\"><div class=\"fusion-text fusion-text-2\"><p class=\"p2\"><span class=\"s1\">Als Physiotherapeutinnen unterst\u00fctzen wir sie bei <\/span><\/p>\n<p class=\"p2\"><span class=\"s1\">\u2013 der R\u00fcckbildung des Beckenbodens<br \/>\n\u2013 der Schulung von K\u00f6rperwahrnehmung und aufrechter K\u00f6rperhaltung<br \/>\n\u2013 der Kr\u00e4ftigung des St\u00fctzapparates besonders seitliche Bauchmuskulatur und R\u00fcckenmuskulatur<br \/>\n\u2013 Dehn\u00fcbungen \/ Entspannung \/ Mobilisation f\u00fcr die Problemmuskulatur<\/span><\/p>\n<p class=\"p2\"><span class=\"s1\">Dieser Kurs ist kein \u201eKrankenkassen gef\u00f6rderter\u201c Kurs, daf\u00fcr bekommt jede Teilnehmerin von uns eine Teilnahmebest\u00e4tigung inklusive Kursinhalte und auf Wunsch \u00dcbungen f\u00fcr zuhause.<\/span><\/p>\n<\/div><div class=\"fusion-clearfix\"><\/div><\/div><\/div><\/div><\/div><div class=\"fusion-fullwidth fullwidth-box fusion-builder-row-3 nonhundred-percent-fullwidth non-hundred-percent-height-scrolling\" style=\"--awb-border-radius-top-left:0px;--awb-border-radius-top-right:0px;--awb-border-radius-bottom-right:0px;--awb-border-radius-bottom-left:0px;--awb-flex-wrap:wrap;\" ><div class=\"fusion-builder-row fusion-row\"><div class=\"fusion-layout-column fusion_builder_column fusion-builder-column-3 fusion_builder_column_1_1 1_1 fusion-one-full fusion-column-first fusion-column-last\" style=\"--awb-bg-size:cover;--awb-border-color:#f44336;--awb-border-top:3px;--awb-border-right:3px;--awb-border-bottom:3px;--awb-border-left:3px;--awb-border-style:solid;\"><div class=\"fusion-column-wrapper fusion-column-has-shadow fusion-flex-column-wrapper-legacy\"><div class=\"fusion-text fusion-text-3\"><h4 class=\"fusion-responsive-typography-calculated\" style=\"text-align: center; --fontsize: 20; line-height: 1.3; --minfontsize: 20;\" data-fontsize=\"20\" data-lineheight=\"26px\">Wir bieten gerne Einzeltermine oder Termine auf Rezept an.<\/h4>\n<\/div><div class=\"fusion-clearfix\"><\/div><\/div><\/div><\/div><\/div><div class=\"fusion-fullwidth fullwidth-box fusion-builder-row-4 nonhundred-percent-fullwidth non-hundred-percent-height-scrolling\" style=\"--awb-border-radius-top-left:0px;--awb-border-radius-top-right:0px;--awb-border-radius-bottom-right:0px;--awb-border-radius-bottom-left:0px;--awb-margin-top:20px;--awb-flex-wrap:wrap;\" ><div class=\"fusion-builder-row fusion-row\"><div class=\"fusion-layout-column fusion_builder_column fusion-builder-column-4 fusion_builder_column_1_1 1_1 fusion-one-full fusion-column-first fusion-column-last\" style=\"--awb-bg-size:cover;\"><div class=\"fusion-column-wrapper fusion-column-has-shadow fusion-flex-column-wrapper-legacy\"><div class=\"fusion-image-element fusion-image-align-center in-legacy-container\" style=\"text-align:center;--awb-caption-title-font-family:var(--h2_typography-font-family);--awb-caption-title-font-weight:var(--h2_typography-font-weight);--awb-caption-title-font-style:var(--h2_typography-font-style);--awb-caption-title-size:var(--h2_typography-font-size);--awb-caption-title-transform:var(--h2_typography-text-transform);--awb-caption-title-line-height:var(--h2_typography-line-height);--awb-caption-title-letter-spacing:var(--h2_typography-letter-spacing);\"><div class=\"imageframe-align-center\"><span class=\" fusion-imageframe imageframe-none imageframe-1 hover-type-none\"><img decoding=\"async\" width=\"600\" height=\"400\" title=\"IMG_3393-47\" src=\"https:\/\/www.3bewegt.de\/physio\/wp-content\/uploads\/2019\/06\/IMG_3393-47-600x400.jpg\" alt class=\"img-responsive wp-image-201\" srcset=\"https:\/\/www.3bewegt.de\/physio\/wp-content\/uploads\/2019\/06\/IMG_3393-47-200x133.jpg 200w, https:\/\/www.3bewegt.de\/physio\/wp-content\/uploads\/2019\/06\/IMG_3393-47-400x267.jpg 400w, https:\/\/www.3bewegt.de\/physio\/wp-content\/uploads\/2019\/06\/IMG_3393-47-600x400.jpg 600w, https:\/\/www.3bewegt.de\/physio\/wp-content\/uploads\/2019\/06\/IMG_3393-47-800x533.jpg 800w, https:\/\/www.3bewegt.de\/physio\/wp-content\/uploads\/2019\/06\/IMG_3393-47-1200x800.jpg 1200w\" sizes=\"(max-width: 800px) 100vw, 600px\" \/><\/span><\/div><\/div><div class=\"fusion-clearfix\"><\/div><\/div><\/div><\/div><\/div><div class=\"fusion-fullwidth fullwidth-box fusion-builder-row-5 nonhundred-percent-fullwidth non-hundred-percent-height-scrolling\" style=\"--awb-border-radius-top-left:0px;--awb-border-radius-top-right:0px;--awb-border-radius-bottom-right:0px;--awb-border-radius-bottom-left:0px;--awb-flex-wrap:wrap;\" ><div class=\"fusion-builder-row fusion-row\"><div class=\"fusion-layout-column fusion_builder_column fusion-builder-column-5 fusion_builder_column_1_1 1_1 fusion-one-full fusion-column-first fusion-column-last\" style=\"--awb-bg-size:cover;\"><div class=\"fusion-column-wrapper fusion-column-has-shadow fusion-flex-column-wrapper-legacy\"><div class=\"fusion-aligncenter\"><a class=\"fusion-button button-flat button-large button-default fusion-button-default button-1 fusion-button-default-span \" style=\"--button-border-radius-top-left:0;--button-border-radius-top-right:0;--button-border-radius-bottom-right:0;--button-border-radius-bottom-left:0;\" target=\"_self\" href=\"https:\/\/www.3bewegt.de\/physio\/kursangebote\/\"><span class=\"fusion-button-text\">Zur\u00fcck zu den Kursangeboten<\/span><\/a><\/div><div class=\"fusion-clearfix\"><\/div><\/div><\/div><\/div><\/div><\/p>\n","protected":false},"excerpt":{"rendered":"","protected":false},"author":1,"featured_media":0,"parent":25,"menu_order":0,"comment_status":"closed","ping_status":"closed","template":"100-width.php","meta":{"footnotes":""},"_links":{"self":[{"href":"https:\/\/www.3bewegt.de\/physio\/wp-json\/wp\/v2\/pages\/200"}],"collection":[{"href":"https:\/\/www.3bewegt.de\/physio\/wp-json\/wp\/v2\/pages"}],"about":[{"href":"https:\/\/www.3bewegt.de\/physio\/wp-json\/wp\/v2\/types\/page"}],"author":[{"embeddable":true,"href":"https:\/\/www.3bewegt.de\/physio\/wp-json\/wp\/v2\/users\/1"}],"replies":[{"embeddable":true,"href":"https:\/\/www.3bewegt.de\/physio\/wp-json\/wp\/v2\/comments?post=200"}],"version-history":[{"count":7,"href":"https:\/\/www.3bewegt.de\/physio\/wp-json\/wp\/v2\/pages\/200\/revisions"}],"predecessor-version":[{"id":624,"href":"https:\/\/www.3bewegt.de\/physio\/wp-json\/wp\/v2\/pages\/200\/revisions\/624"}],"up":[{"embeddable":true,"href":"https:\/\/www.3bewegt.de\/physio\/wp-json\/wp\/v2\/pages\/25"}],"wp:attachment":[{"href":"https:\/\/www.3bewegt.de\/physio\/wp-json\/wp\/v2\/media?parent=200"}],"curies":[{"name":"wp","href":"https:\/\/api.w.org\/{rel}","templated":true}]}}