{"id":189,"date":"2019-06-24T10:57:33","date_gmt":"2019-06-24T08:57:33","guid":{"rendered":"http:\/\/www.3bewegt.de\/physio\/?page_id=189"},"modified":"2022-09-01T18:14:10","modified_gmt":"2022-09-01T16:14:10","slug":"entwicklungsberatung","status":"publish","type":"page","link":"https:\/\/www.3bewegt.de\/physio\/elternundbaby\/entwicklungsberatung\/","title":{"rendered":"Entwicklungsberatung"},"content":{"rendered":"<p><div class=\"fusion-fullwidth fullwidth-box fusion-builder-row-1 hundred-percent-fullwidth non-hundred-percent-height-scrolling\" style=\"--awb-border-radius-top-left:0px;--awb-border-radius-top-right:0px;--awb-border-radius-bottom-right:0px;--awb-border-radius-bottom-left:0px;--awb-margin-bottom:30px;--awb-background-color:#d10019;--awb-flex-wrap:wrap;\" ><div class=\"fusion-builder-row fusion-row\"><div class=\"fusion-layout-column fusion_builder_column fusion-builder-column-0 fusion_builder_column_1_1 1_1 fusion-one-full fusion-column-first fusion-column-last\" style=\"--awb-bg-size:cover;--awb-margin-bottom:0px;\"><div class=\"fusion-column-wrapper fusion-column-has-shadow fusion-flex-column-wrapper-legacy\"><div class=\"fusion-title title fusion-title-1 fusion-sep-none fusion-title-center fusion-title-text fusion-title-size-one\" style=\"--awb-margin-bottom:5px;\"><h1 class=\"fusion-title-heading title-heading-center fusion-responsive-typography-calculated\" style=\"margin:0;--fontSize:35;line-height:1.4;\"><h1 style=\"text-align: center;\">Entwicklungsberatung<\/h1><\/h1><\/div><div class=\"fusion-clearfix\"><\/div><\/div><\/div><\/div><\/div><div class=\"fusion-fullwidth fullwidth-box fusion-builder-row-2 nonhundred-percent-fullwidth non-hundred-percent-height-scrolling\" style=\"--awb-border-radius-top-left:0px;--awb-border-radius-top-right:0px;--awb-border-radius-bottom-right:0px;--awb-border-radius-bottom-left:0px;--awb-flex-wrap:wrap;\" ><div class=\"fusion-builder-row fusion-row\"><div class=\"fusion-layout-column fusion_builder_column fusion-builder-column-1 fusion_builder_column_1_1 1_1 fusion-one-full fusion-column-first fusion-column-last\" style=\"--awb-bg-size:cover;\"><div class=\"fusion-column-wrapper fusion-column-has-shadow fusion-flex-column-wrapper-legacy\"><div class=\"fusion-text fusion-text-1\"><h4 style=\"text-align: center;\" data-fontsize=\"20\" data-lineheight=\"26\"><span style=\"color: #ff0000;\">Wir bieten Einzeltermine an. Sie k\u00f6nnen einen Einzeltermin (30 oder 60 Minuten) buchen und bekommen eine individuelle Anleitung.<\/span><\/h4>\n<\/div><div class=\"fusion-clearfix\"><\/div><\/div><\/div><\/div><\/div><div class=\"fusion-fullwidth fullwidth-box fusion-builder-row-3 nonhundred-percent-fullwidth non-hundred-percent-height-scrolling\" style=\"--awb-border-radius-top-left:0px;--awb-border-radius-top-right:0px;--awb-border-radius-bottom-right:0px;--awb-border-radius-bottom-left:0px;--awb-flex-wrap:wrap;\" ><div class=\"fusion-builder-row fusion-row\"><div class=\"fusion-layout-column fusion_builder_column fusion-builder-column-2 fusion_builder_column_1_1 1_1 fusion-one-full fusion-column-first fusion-column-last fusion-no-small-visibility fusion-no-medium-visibility\" style=\"--awb-padding-top:50px;--awb-padding-right:120px;--awb-padding-left:120px;--awb-bg-size:cover;\"><div class=\"fusion-column-wrapper fusion-column-has-shadow fusion-flex-column-wrapper-legacy\"><div class=\"fusion-text fusion-text-2\"><p>Unsicherheiten in Bezug auf die motorische Entwicklung des Babys bestehen bei vielen Eltern. Wenn Sie das Gef\u00fchl haben, Ihr Baby entwickelt sich anders oder verz\u00f6gert, dann ist es wichtig dass Sie diese Zweifel oder Unsicherheit beseitigen. Ich Informiere Sie bei dieser Gelegenheit auch \u00fcber Vor- und Nachteile von Tragehilfen, Wippe etc.<\/p>\n<p>Eine Entwicklungsberatung ist keine Therapie \u2013 es geht darum, Eltern in einem individuellen Gespr\u00e4ch zu unterst\u00fctzen. In vielen F\u00e4llen reicht es aus, das Handling des Babys zu zeigen, um eventuelle Schwierigkeiten zu beheben.<\/p>\n<p>Die Termine werden nach Wunsch vereinbart, gerne auch am Abend, und dauern 30 bis 60 Minuten.<\/p>\n<\/div><div class=\"fusion-clearfix\"><\/div><\/div><\/div><div class=\"fusion-layout-column fusion_builder_column fusion-builder-column-3 fusion_builder_column_1_1 1_1 fusion-one-full fusion-column-first fusion-column-last fusion-no-large-visibility\" style=\"--awb-padding-top:10px;--awb-bg-size:cover;\"><div class=\"fusion-column-wrapper fusion-column-has-shadow fusion-flex-column-wrapper-legacy\"><div class=\"fusion-text fusion-text-3\"><p>Unsicherheiten in Bezug auf die motorische Entwicklung des Babys bestehen bei vielen Eltern. Wenn Sie das Gef\u00fchl haben, Ihr Baby entwickelt sich anders oder verz\u00f6gert, dann ist es wichtig dass Sie diese Zweifel oder Unsicherheit beseitigen. Ich Informiere Sie bei dieser Gelegenheit auch \u00fcber Vor- und Nachteile von Tragehilfen, Wippe etc.<\/p>\n<p>Eine Entwicklungsberatung ist keine Therapie \u2013 es geht darum, Eltern in einem individuellen Gespr\u00e4ch zu unterst\u00fctzen. In vielen F\u00e4llen reicht es aus, das Handling des Babys zu zeigen, um eventuelle Schwierigkeiten zu beheben.<\/p>\n<p>Die Termine werden nach Wunsch vereinbart, gerne auch am Abend, und dauern 30 bis 60 Minuten.<\/p>\n<\/div><div class=\"fusion-clearfix\"><\/div><\/div><\/div><\/div><\/div><div class=\"fusion-fullwidth fullwidth-box fusion-builder-row-4 nonhundred-percent-fullwidth non-hundred-percent-height-scrolling\" style=\"--awb-border-radius-top-left:0px;--awb-border-radius-top-right:0px;--awb-border-radius-bottom-right:0px;--awb-border-radius-bottom-left:0px;--awb-margin-top:20px;--awb-flex-wrap:wrap;\" ><div class=\"fusion-builder-row fusion-row\"><div class=\"fusion-layout-column fusion_builder_column fusion-builder-column-4 fusion_builder_column_1_1 1_1 fusion-one-full fusion-column-first fusion-column-last\" style=\"--awb-bg-size:cover;\"><div class=\"fusion-column-wrapper fusion-column-has-shadow fusion-flex-column-wrapper-legacy\"><div class=\"fusion-image-element fusion-image-align-center in-legacy-container\" style=\"text-align:center;--awb-caption-title-font-family:var(--h2_typography-font-family);--awb-caption-title-font-weight:var(--h2_typography-font-weight);--awb-caption-title-font-style:var(--h2_typography-font-style);--awb-caption-title-size:var(--h2_typography-font-size);--awb-caption-title-transform:var(--h2_typography-text-transform);--awb-caption-title-line-height:var(--h2_typography-line-height);--awb-caption-title-letter-spacing:var(--h2_typography-letter-spacing);\"><div class=\"imageframe-align-center\"><span class=\" fusion-imageframe imageframe-none imageframe-1 hover-type-none\"><img decoding=\"async\" width=\"600\" height=\"400\" title=\"IMG_3286-36\" src=\"https:\/\/www.3bewegt.de\/physio\/wp-content\/uploads\/2019\/06\/IMG_3286-36-600x400.jpg\" alt class=\"img-responsive wp-image-190\" srcset=\"https:\/\/www.3bewegt.de\/physio\/wp-content\/uploads\/2019\/06\/IMG_3286-36-200x133.jpg 200w, https:\/\/www.3bewegt.de\/physio\/wp-content\/uploads\/2019\/06\/IMG_3286-36-400x267.jpg 400w, https:\/\/www.3bewegt.de\/physio\/wp-content\/uploads\/2019\/06\/IMG_3286-36-600x400.jpg 600w, https:\/\/www.3bewegt.de\/physio\/wp-content\/uploads\/2019\/06\/IMG_3286-36-800x533.jpg 800w, https:\/\/www.3bewegt.de\/physio\/wp-content\/uploads\/2019\/06\/IMG_3286-36-1200x800.jpg 1200w\" sizes=\"(max-width: 800px) 100vw, 600px\" \/><\/span><\/div><\/div><div class=\"fusion-clearfix\"><\/div><\/div><\/div><\/div><\/div><div class=\"fusion-fullwidth fullwidth-box fusion-builder-row-5 nonhundred-percent-fullwidth non-hundred-percent-height-scrolling\" style=\"--awb-border-radius-top-left:0px;--awb-border-radius-top-right:0px;--awb-border-radius-bottom-right:0px;--awb-border-radius-bottom-left:0px;--awb-flex-wrap:wrap;\" ><div class=\"fusion-builder-row fusion-row\"><div class=\"fusion-layout-column fusion_builder_column fusion-builder-column-5 fusion_builder_column_1_1 1_1 fusion-one-full fusion-column-first fusion-column-last\" style=\"--awb-bg-size:cover;\"><div class=\"fusion-column-wrapper fusion-column-has-shadow fusion-flex-column-wrapper-legacy\"><div class=\"fusion-aligncenter\"><a class=\"fusion-button button-flat button-large button-default fusion-button-default button-1 fusion-button-default-span \" style=\"--button-border-radius-top-left:0;--button-border-radius-top-right:0;--button-border-radius-bottom-right:0;--button-border-radius-bottom-left:0;\" target=\"_self\" href=\"https:\/\/www.3bewegt.de\/physio\/kursangebote\/\"><span class=\"fusion-button-text\">Zur\u00fcck zu den Kursangeboten<\/span><\/a><\/div><div class=\"fusion-clearfix\"><\/div><\/div><\/div><\/div><\/div><\/p>\n","protected":false},"excerpt":{"rendered":"","protected":false},"author":1,"featured_media":0,"parent":25,"menu_order":0,"comment_status":"closed","ping_status":"closed","template":"100-width.php","meta":{"footnotes":""},"_links":{"self":[{"href":"https:\/\/www.3bewegt.de\/physio\/wp-json\/wp\/v2\/pages\/189"}],"collection":[{"href":"https:\/\/www.3bewegt.de\/physio\/wp-json\/wp\/v2\/pages"}],"about":[{"href":"https:\/\/www.3bewegt.de\/physio\/wp-json\/wp\/v2\/types\/page"}],"author":[{"embeddable":true,"href":"https:\/\/www.3bewegt.de\/physio\/wp-json\/wp\/v2\/users\/1"}],"replies":[{"embeddable":true,"href":"https:\/\/www.3bewegt.de\/physio\/wp-json\/wp\/v2\/comments?post=189"}],"version-history":[{"count":10,"href":"https:\/\/www.3bewegt.de\/physio\/wp-json\/wp\/v2\/pages\/189\/revisions"}],"predecessor-version":[{"id":556,"href":"https:\/\/www.3bewegt.de\/physio\/wp-json\/wp\/v2\/pages\/189\/revisions\/556"}],"up":[{"embeddable":true,"href":"https:\/\/www.3bewegt.de\/physio\/wp-json\/wp\/v2\/pages\/25"}],"wp:attachment":[{"href":"https:\/\/www.3bewegt.de\/physio\/wp-json\/wp\/v2\/media?parent=189"}],"curies":[{"name":"wp","href":"https:\/\/api.w.org\/{rel}","templated":true}]}}