{"id":148,"date":"2019-06-24T09:45:25","date_gmt":"2019-06-24T07:45:25","guid":{"rendered":"http:\/\/www.3bewegt.de\/physio\/?page_id=148"},"modified":"2019-07-06T22:04:45","modified_gmt":"2019-07-06T20:04:45","slug":"koordinationsstoerungen","status":"publish","type":"page","link":"https:\/\/www.3bewegt.de\/physio\/therapieangebote\/koordinationsstoerungen\/","title":{"rendered":"Koordinationsst\u00f6rungen"},"content":{"rendered":"<p><div class=\"fusion-fullwidth fullwidth-box fusion-builder-row-1 hundred-percent-fullwidth non-hundred-percent-height-scrolling\" style=\"--awb-border-radius-top-left:0px;--awb-border-radius-top-right:0px;--awb-border-radius-bottom-right:0px;--awb-border-radius-bottom-left:0px;--awb-margin-bottom:30px;--awb-background-color:#d10019;--awb-flex-wrap:wrap;\" ><div class=\"fusion-builder-row fusion-row\"><div class=\"fusion-layout-column fusion_builder_column fusion-builder-column-0 fusion_builder_column_1_1 1_1 fusion-one-full fusion-column-first fusion-column-last\" style=\"--awb-bg-size:cover;--awb-margin-bottom:0px;\"><div class=\"fusion-column-wrapper fusion-column-has-shadow fusion-flex-column-wrapper-legacy\"><div class=\"fusion-title title fusion-title-1 fusion-sep-none fusion-title-center fusion-title-text fusion-title-size-one\" style=\"--awb-margin-bottom:5px;\"><h1 class=\"fusion-title-heading title-heading-center fusion-responsive-typography-calculated\" style=\"margin:0;--fontSize:35;line-height:1.4;\"><h1 style=\"text-align: center;\">Koordinationsst\u00f6rungen<\/h1><\/h1><\/div><div class=\"fusion-clearfix\"><\/div><\/div><\/div><\/div><\/div><div class=\"fusion-fullwidth fullwidth-box fusion-builder-row-2 nonhundred-percent-fullwidth non-hundred-percent-height-scrolling\" style=\"--awb-border-radius-top-left:0px;--awb-border-radius-top-right:0px;--awb-border-radius-bottom-right:0px;--awb-border-radius-bottom-left:0px;--awb-flex-wrap:wrap;\" ><div class=\"fusion-builder-row fusion-row\"><div class=\"fusion-layout-column fusion_builder_column fusion-builder-column-1 fusion_builder_column_1_1 1_1 fusion-one-full fusion-column-first fusion-column-last fusion-no-small-visibility fusion-no-medium-visibility\" style=\"--awb-padding-top:50px;--awb-padding-right:120px;--awb-padding-left:120px;--awb-bg-size:cover;\"><div class=\"fusion-column-wrapper fusion-column-has-shadow fusion-flex-column-wrapper-legacy\"><div class=\"fusion-text fusion-text-1\"><p>Die Ursache einer Koordinationsst\u00f6rung kann sehr vielschichtig sein und ist in vielen F\u00e4llen nicht genau zu kl\u00e4ren. Als Eltern f\u00e4llt Ihnen in der Regel auf, dass Ihr Kind ungeschickt erscheint: es f\u00e4llt ihm schwer, einen Ball zu fangen oder mit dem Fahrrad zu fahren. H\u00e4ufig beginnen die Kinder Situationen zu vermeiden, die ihnen unangenehm sind oder schwierig erscheinen. Wenn Ihnen auff\u00e4llt, dass Ihr Kind sich bei allen Mannschaftssportarten zur\u00fcckzieht und auch sonst k\u00f6rperliche Aktivit\u00e4ten meidet, sprechen Sie bitte mit Ihrem Kinderarzt \u00fcber Ihre Beobachtungen.<\/p>\n<p>In der Therapie wird bei der Befundaufnahme zuerst festgestellt, wo die Schwierigkeiten der Kinder liegen, dann wird gemeinsam mit dem Kind und der Familie daran gearbeitet. Dazu geh\u00f6rt zum Beispiel auch, eine Sportart zu finden, die Ihrem Kind Spa\u00df macht.<\/p>\n<\/div><div class=\"fusion-clearfix\"><\/div><\/div><\/div><div class=\"fusion-layout-column fusion_builder_column fusion-builder-column-2 fusion_builder_column_1_1 1_1 fusion-one-full fusion-column-first fusion-column-last fusion-no-large-visibility\" style=\"--awb-padding-top:10px;--awb-bg-size:cover;\"><div class=\"fusion-column-wrapper fusion-column-has-shadow fusion-flex-column-wrapper-legacy\"><div class=\"fusion-text fusion-text-2\"><p>Die Ursache einer Koordinationsst\u00f6rung kann sehr vielschichtig sein und ist in vielen F\u00e4llen nicht genau zu kl\u00e4ren. Als Eltern f\u00e4llt Ihnen in der Regel auf, dass Ihr Kind ungeschickt erscheint: es f\u00e4llt ihm schwer, einen Ball zu fangen oder mit dem Fahrrad zu fahren. H\u00e4ufig beginnen die Kinder Situationen zu vermeiden, die ihnen unangenehm sind oder schwierig erscheinen. Wenn Ihnen auff\u00e4llt, dass Ihr Kind sich bei allen Mannschaftssportarten zur\u00fcckzieht und auch sonst k\u00f6rperliche Aktivit\u00e4ten meidet, sprechen Sie bitte mit Ihrem Kinderarzt \u00fcber Ihre Beobachtungen.<\/p>\n<p>In der Therapie wird bei der Befundaufnahme zuerst festgestellt, wo die Schwierigkeiten der Kinder liegen, dann wird gemeinsam mit dem Kind und der Familie daran gearbeitet. Dazu geh\u00f6rt zum Beispiel auch, eine Sportart zu finden, die Ihrem Kind Spa\u00df macht.<\/p>\n<\/div><div class=\"fusion-clearfix\"><\/div><\/div><\/div><\/div><\/div><div class=\"fusion-fullwidth fullwidth-box fusion-builder-row-3 nonhundred-percent-fullwidth non-hundred-percent-height-scrolling\" style=\"--awb-border-radius-top-left:0px;--awb-border-radius-top-right:0px;--awb-border-radius-bottom-right:0px;--awb-border-radius-bottom-left:0px;--awb-flex-wrap:wrap;\" ><div class=\"fusion-builder-row fusion-row\"><div class=\"fusion-layout-column fusion_builder_column fusion-builder-column-3 fusion_builder_column_1_1 1_1 fusion-one-full fusion-column-first fusion-column-last\" style=\"--awb-bg-size:cover;\"><div class=\"fusion-column-wrapper fusion-column-has-shadow fusion-flex-column-wrapper-legacy\"><div class=\"fusion-aligncenter\"><a class=\"fusion-button button-flat button-large button-default fusion-button-default button-1 fusion-button-default-span \" target=\"_self\" href=\"https:\/\/www.3bewegt.de\/physio\/therapieangebote\/\"><span class=\"fusion-button-text\">Zur\u00fcck zu den Therapieangeboten<\/span><\/a><\/div><div class=\"fusion-clearfix\"><\/div><\/div><\/div><\/div><\/div><div class=\"fusion-fullwidth fullwidth-box fusion-builder-row-4 nonhundred-percent-fullwidth non-hundred-percent-height-scrolling\" style=\"--awb-border-radius-top-left:0px;--awb-border-radius-top-right:0px;--awb-border-radius-bottom-right:0px;--awb-border-radius-bottom-left:0px;--awb-margin-top:20px;--awb-flex-wrap:wrap;\" ><div class=\"fusion-builder-row fusion-row\"><div class=\"fusion-layout-column fusion_builder_column fusion-builder-column-4 fusion_builder_column_1_1 1_1 fusion-one-full fusion-column-first fusion-column-last\" style=\"--awb-bg-size:cover;\"><div class=\"fusion-column-wrapper fusion-column-has-shadow fusion-flex-column-wrapper-legacy\"><div class=\"fusion-image-element fusion-image-align-center in-legacy-container\" style=\"text-align:center;--awb-caption-title-font-family:var(--h2_typography-font-family);--awb-caption-title-font-weight:var(--h2_typography-font-weight);--awb-caption-title-font-style:var(--h2_typography-font-style);--awb-caption-title-size:var(--h2_typography-font-size);--awb-caption-title-transform:var(--h2_typography-text-transform);--awb-caption-title-line-height:var(--h2_typography-line-height);--awb-caption-title-letter-spacing:var(--h2_typography-letter-spacing);\"><div class=\"imageframe-align-center\"><span class=\" fusion-imageframe imageframe-none imageframe-1 hover-type-none\"><img decoding=\"async\" width=\"600\" height=\"400\" title=\"*b1\" src=\"https:\/\/www.3bewegt.de\/physio\/wp-content\/uploads\/2019\/06\/b1-600x400.jpg\" alt class=\"img-responsive wp-image-151\" srcset=\"https:\/\/www.3bewegt.de\/physio\/wp-content\/uploads\/2019\/06\/b1-200x133.jpg 200w, https:\/\/www.3bewegt.de\/physio\/wp-content\/uploads\/2019\/06\/b1-400x267.jpg 400w, https:\/\/www.3bewegt.de\/physio\/wp-content\/uploads\/2019\/06\/b1-600x400.jpg 600w, https:\/\/www.3bewegt.de\/physio\/wp-content\/uploads\/2019\/06\/b1-800x533.jpg 800w, https:\/\/www.3bewegt.de\/physio\/wp-content\/uploads\/2019\/06\/b1-1200x800.jpg 1200w\" sizes=\"(max-width: 800px) 100vw, 600px\" \/><\/span><\/div><\/div><div class=\"fusion-clearfix\"><\/div><\/div><\/div><\/div><\/div><\/p>\n","protected":false},"excerpt":{"rendered":"","protected":false},"author":1,"featured_media":0,"parent":23,"menu_order":0,"comment_status":"closed","ping_status":"closed","template":"100-width.php","meta":{"footnotes":""},"_links":{"self":[{"href":"https:\/\/www.3bewegt.de\/physio\/wp-json\/wp\/v2\/pages\/148"}],"collection":[{"href":"https:\/\/www.3bewegt.de\/physio\/wp-json\/wp\/v2\/pages"}],"about":[{"href":"https:\/\/www.3bewegt.de\/physio\/wp-json\/wp\/v2\/types\/page"}],"author":[{"embeddable":true,"href":"https:\/\/www.3bewegt.de\/physio\/wp-json\/wp\/v2\/users\/1"}],"replies":[{"embeddable":true,"href":"https:\/\/www.3bewegt.de\/physio\/wp-json\/wp\/v2\/comments?post=148"}],"version-history":[{"count":5,"href":"https:\/\/www.3bewegt.de\/physio\/wp-json\/wp\/v2\/pages\/148\/revisions"}],"predecessor-version":[{"id":351,"href":"https:\/\/www.3bewegt.de\/physio\/wp-json\/wp\/v2\/pages\/148\/revisions\/351"}],"up":[{"embeddable":true,"href":"https:\/\/www.3bewegt.de\/physio\/wp-json\/wp\/v2\/pages\/23"}],"wp:attachment":[{"href":"https:\/\/www.3bewegt.de\/physio\/wp-json\/wp\/v2\/media?parent=148"}],"curies":[{"name":"wp","href":"https:\/\/api.w.org\/{rel}","templated":true}]}}