{"id":145,"date":"2019-06-21T10:59:27","date_gmt":"2019-06-21T08:59:27","guid":{"rendered":"http:\/\/www.3bewegt.de\/physio\/?page_id=145"},"modified":"2023-10-19T14:36:57","modified_gmt":"2023-10-19T12:36:57","slug":"skoliose","status":"publish","type":"page","link":"https:\/\/www.3bewegt.de\/physio\/therapieangebote\/skoliose\/","title":{"rendered":"Skoliose"},"content":{"rendered":"<p><div class=\"fusion-fullwidth fullwidth-box fusion-builder-row-1 hundred-percent-fullwidth non-hundred-percent-height-scrolling\" style=\"--awb-border-radius-top-left:0px;--awb-border-radius-top-right:0px;--awb-border-radius-bottom-right:0px;--awb-border-radius-bottom-left:0px;--awb-margin-bottom:30px;--awb-background-color:#d10019;--awb-flex-wrap:wrap;\" ><div class=\"fusion-builder-row fusion-row\"><div class=\"fusion-layout-column fusion_builder_column fusion-builder-column-0 fusion_builder_column_1_1 1_1 fusion-one-full fusion-column-first fusion-column-last\" style=\"--awb-bg-size:cover;--awb-margin-bottom:0px;\"><div class=\"fusion-column-wrapper fusion-column-has-shadow fusion-flex-column-wrapper-legacy\"><div class=\"fusion-title title fusion-title-1 fusion-sep-none fusion-title-center fusion-title-text fusion-title-size-one\" style=\"--awb-margin-bottom:5px;\"><h1 class=\"fusion-title-heading title-heading-center fusion-responsive-typography-calculated\" style=\"margin:0;--fontSize:35;line-height:1.4;\"><h1 style=\"text-align: center;\">Skoliose<\/h1><\/h1><\/div><div class=\"fusion-clearfix\"><\/div><\/div><\/div><\/div><\/div><div class=\"fusion-fullwidth fullwidth-box fusion-builder-row-2 nonhundred-percent-fullwidth non-hundred-percent-height-scrolling\" style=\"--awb-border-radius-top-left:0px;--awb-border-radius-top-right:0px;--awb-border-radius-bottom-right:0px;--awb-border-radius-bottom-left:0px;--awb-flex-wrap:wrap;\" ><div class=\"fusion-builder-row fusion-row\"><div class=\"fusion-layout-column fusion_builder_column fusion-builder-column-1 fusion_builder_column_1_1 1_1 fusion-one-full fusion-column-first fusion-column-last fusion-no-small-visibility fusion-no-medium-visibility\" style=\"--awb-padding-top:50px;--awb-padding-right:120px;--awb-padding-left:120px;--awb-bg-size:cover;\"><div class=\"fusion-column-wrapper fusion-column-has-shadow fusion-flex-column-wrapper-legacy\"><div class=\"fusion-text fusion-text-1\"><p class=\"p1\"><span class=\"s1\">Die Entstehung einer Skoliose kann unterschiedliche Ursachen haben. Wichtig ist die fr\u00fchzeitige Behandlung, um Sp\u00e4tfolgen zu vermeiden. Besonders im Teenageralter kann eine vorliegende Haltungsschw\u00e4che durch schnelles Wachstum noch verst\u00e4rkt werden und zur Entwicklung einer Skoliose f\u00fchren. Wenn Ihr Kind \u00fcber Schmerzen, Schwindel oder Kopfschmerz klagt, sollten Sie unbedingt den Kinderarzt oder einen Orthop\u00e4den aufsuchen.<\/span><\/p>\n<p class=\"p1\"><span class=\"s1\">Sie k\u00f6nnen einer Haltungsschw\u00e4che vorbeugen, indem Sie Ihr Kind zu k\u00f6rperlicher Aktivit\u00e4t anhalten und reine \u201eSitzzeit\u201c so kurz wie m\u00f6glich halten, ein angepasster Schulranzen und ein guter Sitzplatz f\u00fcr die Hausaufgaben sind ebenfalls sinnvoll.<\/span><\/p>\n<\/div><div class=\"fusion-clearfix\"><\/div><\/div><\/div><div class=\"fusion-layout-column fusion_builder_column fusion-builder-column-2 fusion_builder_column_1_1 1_1 fusion-one-full fusion-column-first fusion-column-last fusion-no-large-visibility\" style=\"--awb-padding-top:10px;--awb-bg-size:cover;\"><div class=\"fusion-column-wrapper fusion-column-has-shadow fusion-flex-column-wrapper-legacy\"><div class=\"fusion-text fusion-text-2\"><p class=\"p1\"><span class=\"s1\">Die Entstehung einer Skoliose kann unterschiedliche Ursachen haben. Wichtig ist die fr\u00fchzeitige Behandlung, um Sp\u00e4tfolgen zu vermeiden. Besonders im Teenageralter kann eine vorliegende Haltungsschw\u00e4che durch schnelles Wachstum noch verst\u00e4rkt werden und zur Entwicklung einer Skoliose f\u00fchren. Wenn Ihr Kind \u00fcber Schmerzen, Schwindel oder Kopfschmerz klagt, sollten Sie unbedingt den Kinderarzt oder einen Orthop\u00e4den aufsuchen.<\/span><\/p>\n<p class=\"p1\"><span class=\"s1\">Sie k\u00f6nnen einer Haltungsschw\u00e4che vorbeugen, indem Sie Ihr Kind zu k\u00f6rperlicher Aktivit\u00e4t anhalten und reine \u201eSitzzeit\u201c so kurz wie m\u00f6glich halten, ein angepasster Schulranzen und ein guter Sitzplatz f\u00fcr die Hausaufgaben sind ebenfalls sinnvoll.<\/span><\/p>\n<\/div><div class=\"fusion-clearfix\"><\/div><\/div><\/div><\/div><\/div><div class=\"fusion-fullwidth fullwidth-box fusion-builder-row-3 nonhundred-percent-fullwidth non-hundred-percent-height-scrolling\" style=\"--awb-border-radius-top-left:0px;--awb-border-radius-top-right:0px;--awb-border-radius-bottom-right:0px;--awb-border-radius-bottom-left:0px;--awb-flex-wrap:wrap;\" ><div class=\"fusion-builder-row fusion-row\"><div class=\"fusion-layout-column fusion_builder_column fusion-builder-column-3 fusion_builder_column_1_1 1_1 fusion-one-full fusion-column-first fusion-column-last\" style=\"--awb-bg-size:cover;\"><div class=\"fusion-column-wrapper fusion-column-has-shadow fusion-flex-column-wrapper-legacy\"><div class=\"fusion-aligncenter\"><a class=\"fusion-button button-flat button-large button-default fusion-button-default button-1 fusion-button-default-span \" style=\"--button-border-radius-top-left:0;--button-border-radius-top-right:0;--button-border-radius-bottom-right:0;--button-border-radius-bottom-left:0;\" target=\"_self\" href=\"https:\/\/www.3bewegt.de\/physio\/therapieangebote\/\"><span class=\"fusion-button-text\">Zur\u00fcck zu den Therapieangeboten<\/span><\/a><\/div><div class=\"fusion-clearfix\"><\/div><\/div><\/div><\/div><\/div><div class=\"fusion-fullwidth fullwidth-box fusion-builder-row-4 nonhundred-percent-fullwidth non-hundred-percent-height-scrolling\" style=\"--awb-border-radius-top-left:0px;--awb-border-radius-top-right:0px;--awb-border-radius-bottom-right:0px;--awb-border-radius-bottom-left:0px;--awb-margin-top:20px;--awb-flex-wrap:wrap;\" ><div class=\"fusion-builder-row fusion-row\"><div class=\"fusion-layout-column fusion_builder_column fusion-builder-column-4 fusion_builder_column_1_1 1_1 fusion-one-full fusion-column-first fusion-column-last\" style=\"--awb-bg-size:cover;\"><div class=\"fusion-column-wrapper fusion-column-has-shadow fusion-flex-column-wrapper-legacy\"><div class=\"fusion-image-element fusion-image-align-center in-legacy-container\" style=\"text-align:center;--awb-caption-title-font-family:var(--h2_typography-font-family);--awb-caption-title-font-weight:var(--h2_typography-font-weight);--awb-caption-title-font-style:var(--h2_typography-font-style);--awb-caption-title-size:var(--h2_typography-font-size);--awb-caption-title-transform:var(--h2_typography-text-transform);--awb-caption-title-line-height:var(--h2_typography-line-height);--awb-caption-title-letter-spacing:var(--h2_typography-letter-spacing);\"><div class=\"imageframe-align-center\"><span class=\" fusion-imageframe imageframe-none imageframe-1 hover-type-none\"><img decoding=\"async\" width=\"600\" height=\"400\" title=\"*IMG_5693\" src=\"https:\/\/www.3bewegt.de\/physio\/wp-content\/uploads\/2019\/06\/IMG_5693-600x400.jpg\" alt class=\"img-responsive wp-image-178\" srcset=\"https:\/\/www.3bewegt.de\/physio\/wp-content\/uploads\/2019\/06\/IMG_5693-200x133.jpg 200w, https:\/\/www.3bewegt.de\/physio\/wp-content\/uploads\/2019\/06\/IMG_5693-400x267.jpg 400w, https:\/\/www.3bewegt.de\/physio\/wp-content\/uploads\/2019\/06\/IMG_5693-600x400.jpg 600w, https:\/\/www.3bewegt.de\/physio\/wp-content\/uploads\/2019\/06\/IMG_5693-800x533.jpg 800w, https:\/\/www.3bewegt.de\/physio\/wp-content\/uploads\/2019\/06\/IMG_5693-1200x800.jpg 1200w\" sizes=\"(max-width: 800px) 100vw, 600px\" \/><\/span><\/div><\/div><div class=\"fusion-clearfix\"><\/div><\/div><\/div><\/div><\/div><\/p>\n","protected":false},"excerpt":{"rendered":"","protected":false},"author":1,"featured_media":0,"parent":23,"menu_order":0,"comment_status":"closed","ping_status":"closed","template":"100-width.php","meta":{"footnotes":""},"_links":{"self":[{"href":"https:\/\/www.3bewegt.de\/physio\/wp-json\/wp\/v2\/pages\/145"}],"collection":[{"href":"https:\/\/www.3bewegt.de\/physio\/wp-json\/wp\/v2\/pages"}],"about":[{"href":"https:\/\/www.3bewegt.de\/physio\/wp-json\/wp\/v2\/types\/page"}],"author":[{"embeddable":true,"href":"https:\/\/www.3bewegt.de\/physio\/wp-json\/wp\/v2\/users\/1"}],"replies":[{"embeddable":true,"href":"https:\/\/www.3bewegt.de\/physio\/wp-json\/wp\/v2\/comments?post=145"}],"version-history":[{"count":5,"href":"https:\/\/www.3bewegt.de\/physio\/wp-json\/wp\/v2\/pages\/145\/revisions"}],"predecessor-version":[{"id":621,"href":"https:\/\/www.3bewegt.de\/physio\/wp-json\/wp\/v2\/pages\/145\/revisions\/621"}],"up":[{"embeddable":true,"href":"https:\/\/www.3bewegt.de\/physio\/wp-json\/wp\/v2\/pages\/23"}],"wp:attachment":[{"href":"https:\/\/www.3bewegt.de\/physio\/wp-json\/wp\/v2\/media?parent=145"}],"curies":[{"name":"wp","href":"https:\/\/api.w.org\/{rel}","templated":true}]}}