{"id":128,"date":"2019-06-21T10:43:57","date_gmt":"2019-06-21T08:43:57","guid":{"rendered":"http:\/\/www.3bewegt.de\/physio\/?page_id=128"},"modified":"2023-10-19T15:01:48","modified_gmt":"2023-10-19T13:01:48","slug":"entwicklungsverzoegerungen","status":"publish","type":"page","link":"https:\/\/www.3bewegt.de\/physio\/therapieangebote\/entwicklungsverzoegerungen\/","title":{"rendered":"Entwicklungsverz\u00f6gerungen"},"content":{"rendered":"<p><div class=\"fusion-fullwidth fullwidth-box fusion-builder-row-1 hundred-percent-fullwidth non-hundred-percent-height-scrolling\" style=\"--awb-border-radius-top-left:0px;--awb-border-radius-top-right:0px;--awb-border-radius-bottom-right:0px;--awb-border-radius-bottom-left:0px;--awb-margin-bottom:30px;--awb-background-color:#d10019;--awb-flex-wrap:wrap;\" ><div class=\"fusion-builder-row fusion-row\"><div class=\"fusion-layout-column fusion_builder_column fusion-builder-column-0 fusion_builder_column_1_1 1_1 fusion-one-full fusion-column-first fusion-column-last\" style=\"--awb-bg-size:cover;--awb-margin-bottom:0px;\"><div class=\"fusion-column-wrapper fusion-column-has-shadow fusion-flex-column-wrapper-legacy\"><div class=\"fusion-title title fusion-title-1 fusion-sep-none fusion-title-center fusion-title-text fusion-title-size-one\" style=\"--awb-margin-bottom:5px;\"><h1 class=\"fusion-title-heading title-heading-center fusion-responsive-typography-calculated\" style=\"margin:0;--fontSize:35;line-height:1.4;\"><h1 style=\"text-align: center;\">Entwicklungsverz\u00f6gerungen<\/h1><\/h1><\/div><div class=\"fusion-clearfix\"><\/div><\/div><\/div><\/div><\/div><div class=\"fusion-fullwidth fullwidth-box fusion-builder-row-2 nonhundred-percent-fullwidth non-hundred-percent-height-scrolling\" style=\"--awb-border-radius-top-left:0px;--awb-border-radius-top-right:0px;--awb-border-radius-bottom-right:0px;--awb-border-radius-bottom-left:0px;--awb-flex-wrap:wrap;\" ><div class=\"fusion-builder-row fusion-row\"><div class=\"fusion-layout-column fusion_builder_column fusion-builder-column-1 fusion_builder_column_1_1 1_1 fusion-one-full fusion-column-first fusion-column-last fusion-no-small-visibility fusion-no-medium-visibility\" style=\"--awb-padding-top:50px;--awb-padding-right:120px;--awb-padding-left:120px;--awb-bg-size:cover;\"><div class=\"fusion-column-wrapper fusion-column-has-shadow fusion-flex-column-wrapper-legacy\"><div class=\"fusion-text fusion-text-1\"><h3 data-fontsize=\"20\" style=\"--fontSize: 20; line-height: 1.5;\" data-lineheight=\"30px\" class=\"fusion-responsive-typography-calculated\">Entwicklungsverz\u00f6gerungen k\u00f6nnen unterschiedliche Ursachen haben.<br \/>\nWichtig ist es f\u00fcr Sie als Eltern, dass jedes Kind individuell beurteilt werden sollte.<\/h3>\n<h2 data-fontsize=\"30\" style=\"--fontSize: 30; line-height: 1.5;\" data-lineheight=\"45px\" class=\"fusion-responsive-typography-calculated\">Einige wichtige Kriterien im ersten Lebensjahr:<\/h2>\n<h3 data-fontsize=\"20\" style=\"--fontSize: 20; line-height: 1.5;\" data-lineheight=\"30px\" class=\"fusion-responsive-typography-calculated\">Das Neugeborene<\/h3>\n<p>muss sich mit vielen Ver\u00e4nderungen auseinandersetzen. Jedes Baby reagiert anders, trotzdem sollte ihr Baby Ruhephasen haben in denen es entspannt schl\u00e4ft oder sich aufmerksam seiner Umwelt zuwendet. Wichtig ist in dieser Phase, dass das Baby nicht von Reizen \u00fcberflutet wird. Schaffen Sie f\u00fcr sich und das Baby R\u00fcckzugsbereiche, um ihm den Start ins Leben zu erleichtern.<\/p>\n<h3 data-fontsize=\"20\" style=\"--fontSize: 20; line-height: 1.5;\" data-lineheight=\"30px\" class=\"fusion-responsive-typography-calculated\">Im 3.Monat:<\/h3>\n<p>der S\u00e4ugling h\u00e4lt den Kopf in R\u00fcckenlage in der Mitte, beginnt mit den H\u00e4nden zu spielen und nach Spielzeug zu greifen. Er verfolgt das Spielzeug \u00fcber die Mittellinie des K\u00f6rpers und kann in Bauchlage seinen Kopf anheben und einige Zeit halten.<\/p>\n<h3 data-fontsize=\"20\" style=\"--fontSize: 20; line-height: 1.5;\" data-lineheight=\"30px\" class=\"fusion-responsive-typography-calculated\">Im 6. Monat:<\/h3>\n<p>ihr Baby spielt in R\u00fcckenlage interessiert mit seinen Beinchen und mit Spielzeug, es \u00fcbergibt das Spielzeug sicher von einer Hand in die andere, nimmt alles in den Mund und beginnt sich zur Seite zu drehen. H\u00e4ufig beginnt in diesem Alter das Drehen bis auf den Bauch. In Bauchlage st\u00fctzt sich Ihr Baby gut und sicher, es verweilt immer l\u00e4nger in dieser Position und schiebt sich manchmal schon nach hinten. Der Kopf wird in allen Positionen sicher gehalten und Sie k\u00f6nnen sich \u00fcber das strahlende L\u00e4cheln ihres Babys freuen. Es kann nun schon ganz differenziert durch unterschiedliches Schreien seine Bed\u00fcrfnisse zum Ausdruck bringen.<\/p>\n<h3 data-fontsize=\"20\" style=\"--fontSize: 20; line-height: 1.5;\" data-lineheight=\"30px\" class=\"fusion-responsive-typography-calculated\">Im 9. Monat<\/h3>\n<p>ist Ihr Baby schon sehr mobil, es dreht sich sicher vom Bauch auf den R\u00fccken und zur\u00fcck, rollt und robbt durch die Wohnung und beginnt seine Umwelt sehr aktiv zu erkunden. Einige Kinder beginnen schon zu krabbeln und erweitern ihren Aktionsradius t\u00e4glich. Das Baby spielt schon ausdauernd und hantiert sicher mit beiden H\u00e4nden. Es beginnt \u201eBitte-Danke\u201c Spiele durchzuf\u00fchren und hat Spa\u00df, einen Ball hin und her zu rollen. Manche Babys setzen sich allein hin und genie\u00dfen es sehr, in dieser Position zu spielen.<\/p>\n<h3 data-fontsize=\"20\" style=\"--fontSize: 20; line-height: 1.5;\" data-lineheight=\"30px\" class=\"fusion-responsive-typography-calculated\">Im 12. Monat<\/h3>\n<p>sind alle Kleinkinder sehr mobil, die Wohnung sollte nun auf jeden Fall kindersicher sein. In diesem Alter krabbeln die Kinder und setzen sich sicher allein hin. Sehr viel Spa\u00df haben die Kinder dabei, aufzustehen und die ersten Schritte an M\u00f6beln entlang zu gehen.<\/p>\n<p>Individuelle Unterschiede sind normal. Sollten sie sich Gedanken bez\u00fcglich der motorischen Entwicklung ihres Babys machen, so sprechen sie bitte ihren Kinderarzt darauf an.<\/p>\n<\/div><div class=\"fusion-clearfix\"><\/div><\/div><\/div><div class=\"fusion-layout-column fusion_builder_column fusion-builder-column-2 fusion_builder_column_1_1 1_1 fusion-one-full fusion-column-first fusion-column-last fusion-no-large-visibility\" style=\"--awb-padding-top:10px;--awb-bg-size:cover;\"><div class=\"fusion-column-wrapper fusion-column-has-shadow fusion-flex-column-wrapper-legacy\"><div class=\"fusion-text fusion-text-2\"><h3 data-fontsize=\"20\" style=\"--fontSize: 20; line-height: 1.5;\" data-lineheight=\"30px\" class=\"fusion-responsive-typography-calculated\">Entwicklungsverz\u00f6gerungen k\u00f6nnen unterschiedliche Ursachen haben.<br \/>\nWichtig ist es f\u00fcr Sie als Eltern, dass jedes Kind individuell beurteilt werden sollte.<\/h3>\n<h2 data-fontsize=\"30\" style=\"--fontSize: 30; line-height: 1.5;\" data-lineheight=\"45px\" class=\"fusion-responsive-typography-calculated\">Einige wichtige Kriterien im ersten Lebensjahr:<\/h2>\n<h3 data-fontsize=\"20\" style=\"--fontSize: 20; line-height: 1.5;\" data-lineheight=\"30px\" class=\"fusion-responsive-typography-calculated\">Das Neugeborene<\/h3>\n<p>muss sich mit vielen Ver\u00e4nderungen auseinandersetzen. Jedes Baby reagiert anders, trotzdem sollte ihr Baby Ruhephasen haben in denen es entspannt schl\u00e4ft oder sich aufmerksam seiner Umwelt zuwendet. Wichtig ist in dieser Phase, dass das Baby nicht von Reizen \u00fcberflutet wird. Schaffen Sie f\u00fcr sich und das Baby R\u00fcckzugsbereiche, um ihm den Start ins Leben zu erleichtern.<\/p>\n<h3 data-fontsize=\"20\" style=\"--fontSize: 20; line-height: 1.5;\" data-lineheight=\"30px\" class=\"fusion-responsive-typography-calculated\">Im 3.Monat:<\/h3>\n<p>der S\u00e4ugling h\u00e4lt den Kopf in R\u00fcckenlage in der Mitte, beginnt mit den H\u00e4nden zu spielen und nach Spielzeug zu greifen. Er verfolgt das Spielzeug \u00fcber die Mittellinie des K\u00f6rpers und kann in Bauchlage seinen Kopf anheben und einige Zeit halten.<\/p>\n<h3 data-fontsize=\"20\" style=\"--fontSize: 20; line-height: 1.5;\" data-lineheight=\"30px\" class=\"fusion-responsive-typography-calculated\">Im 6. Monat:<\/h3>\n<p>ihr Baby spielt in R\u00fcckenlage interessiert mit seinen Beinchen und mit Spielzeug, es \u00fcbergibt das Spielzeug sicher von einer Hand in die andere, nimmt alles in den Mund und beginnt sich zur Seite zu drehen. H\u00e4ufig beginnt in diesem Alter das Drehen bis auf den Bauch. In Bauchlage st\u00fctzt sich Ihr Baby gut und sicher, es verweilt immer l\u00e4nger in dieser Position und schiebt sich manchmal schon nach hinten. Der Kopf wird in allen Positionen sicher gehalten und Sie k\u00f6nnen sich \u00fcber das strahlende L\u00e4cheln ihres Babys freuen. Es kann nun schon ganz differenziert durch unterschiedliches Schreien seine Bed\u00fcrfnisse zum Ausdruck bringen.<\/p>\n<h3 data-fontsize=\"20\" style=\"--fontSize: 20; line-height: 1.5;\" data-lineheight=\"30px\" class=\"fusion-responsive-typography-calculated\">Im 9. Monat<\/h3>\n<p>ist Ihr Baby schon sehr mobil, es dreht sich sicher vom Bauch auf den R\u00fccken und zur\u00fcck, rollt und robbt durch die Wohnung und beginnt seine Umwelt sehr aktiv zu erkunden. Einige Kinder beginnen schon zu krabbeln und erweitern ihren Aktionsradius t\u00e4glich. Das Baby spielt schon ausdauernd und hantiert sicher mit beiden H\u00e4nden. Es beginnt \u201eBitte-Danke\u201c Spiele durchzuf\u00fchren und hat Spa\u00df, einen Ball hin und her zu rollen. Manche Babys setzen sich allein hin und genie\u00dfen es sehr, in dieser Position zu spielen.<\/p>\n<h3 data-fontsize=\"20\" style=\"--fontSize: 20; line-height: 1.5;\" data-lineheight=\"30px\" class=\"fusion-responsive-typography-calculated\">Im 12. Monat<\/h3>\n<p>sind alle Kleinkinder sehr mobil, die Wohnung sollte nun auf jeden Fall kindersicher sein. In diesem Alter krabbeln die Kinder und setzen sich sicher allein hin. Sehr viel Spa\u00df haben die Kinder dabei, aufzustehen und die ersten Schritte an M\u00f6beln entlang zu gehen.<\/p>\n<p>Individuelle Unterschiede sind normal. Sollten sie sich Gedanken bez\u00fcglich der motorischen Entwicklung ihres Babys machen, so sprechen sie bitte ihren Kinderarzt darauf an.<\/p>\n<\/div><div class=\"fusion-clearfix\"><\/div><\/div><\/div><\/div><\/div><div class=\"fusion-fullwidth fullwidth-box fusion-builder-row-3 nonhundred-percent-fullwidth non-hundred-percent-height-scrolling\" style=\"--awb-border-radius-top-left:0px;--awb-border-radius-top-right:0px;--awb-border-radius-bottom-right:0px;--awb-border-radius-bottom-left:0px;--awb-flex-wrap:wrap;\" ><div class=\"fusion-builder-row fusion-row\"><div class=\"fusion-layout-column fusion_builder_column fusion-builder-column-3 fusion_builder_column_1_1 1_1 fusion-one-full fusion-column-first fusion-column-last\" style=\"--awb-bg-size:cover;\"><div class=\"fusion-column-wrapper fusion-column-has-shadow fusion-flex-column-wrapper-legacy\"><div class=\"fusion-aligncenter\"><a class=\"fusion-button button-flat button-large button-default fusion-button-default button-1 fusion-button-default-span \" style=\"--button-border-radius-top-left:0;--button-border-radius-top-right:0;--button-border-radius-bottom-right:0;--button-border-radius-bottom-left:0;\" target=\"_self\" href=\"https:\/\/www.3bewegt.de\/physio\/therapieangebote\/\"><span class=\"fusion-button-text\">Zur\u00fcck zu den Therapieangeboten<\/span><\/a><\/div><div class=\"fusion-clearfix\"><\/div><\/div><\/div><\/div><\/div><\/p>\n","protected":false},"excerpt":{"rendered":"","protected":false},"author":1,"featured_media":0,"parent":23,"menu_order":0,"comment_status":"closed","ping_status":"closed","template":"100-width.php","meta":{"footnotes":""},"_links":{"self":[{"href":"https:\/\/www.3bewegt.de\/physio\/wp-json\/wp\/v2\/pages\/128"}],"collection":[{"href":"https:\/\/www.3bewegt.de\/physio\/wp-json\/wp\/v2\/pages"}],"about":[{"href":"https:\/\/www.3bewegt.de\/physio\/wp-json\/wp\/v2\/types\/page"}],"author":[{"embeddable":true,"href":"https:\/\/www.3bewegt.de\/physio\/wp-json\/wp\/v2\/users\/1"}],"replies":[{"embeddable":true,"href":"https:\/\/www.3bewegt.de\/physio\/wp-json\/wp\/v2\/comments?post=128"}],"version-history":[{"count":8,"href":"https:\/\/www.3bewegt.de\/physio\/wp-json\/wp\/v2\/pages\/128\/revisions"}],"predecessor-version":[{"id":634,"href":"https:\/\/www.3bewegt.de\/physio\/wp-json\/wp\/v2\/pages\/128\/revisions\/634"}],"up":[{"embeddable":true,"href":"https:\/\/www.3bewegt.de\/physio\/wp-json\/wp\/v2\/pages\/23"}],"wp:attachment":[{"href":"https:\/\/www.3bewegt.de\/physio\/wp-json\/wp\/v2\/media?parent=128"}],"curies":[{"name":"wp","href":"https:\/\/api.w.org\/{rel}","templated":true}]}}